{"id":1887,"date":"2024-05-11T01:39:25","date_gmt":"2024-05-10T23:39:25","guid":{"rendered":"https:\/\/my.purpose.li\/?page_id=1887"},"modified":"2024-05-11T01:39:29","modified_gmt":"2024-05-10T23:39:29","slug":"impressum","status":"publish","type":"page","link":"https:\/\/my.purpose.li\/de\/impressum\/","title":{"rendered":"Impressum"},"content":{"rendered":"<p>Meet Your Purpose Genossenschaft<br>Birkenweg 6<br>FL-9490 Vaduz<\/p>\n\n\n\n<p>Tel. +423 222 0105<\/p>\n\n\n\n<p>E-Mail: flow@purpose.li<\/p>\n\n\n\n<p>Handelsregister-Nr: FL-0002.688.535-2<\/p>\n\n\n\n<p>Zeichnungsberechtigte Personen:<br>Frank Thiele, Hartmut H\u00fcbner, Julian Philipp, Michael Reinhardt - Vorstandsmitglieder mit alleinigem Zeichnungsrecht<\/p>\n\n\n\n<p><strong>Gefahr und Verantwortung<\/strong><\/p>\n\n\n\n<p>Die Meet Your Purpose Genossenschaft unternimmt alle Anstrengungen, um einen sicheren Betrieb ihrer Internetseite zu gew\u00e4hrleisten. Dennoch k\u00f6nnen M\u00e4ngel, wie z.B. Verlust oder Verf\u00e4lschung von Daten, Virenbefall, Betriebsunterbruch, usw., nicht ausgeschlossen werden. Der Zugriff auf diese Website erfolgt deshalb auf eigene Gefahr und in eigener Verantwortung.<\/p>\n\n\n\n<p><strong>Haftungsausschluss<\/strong><\/p>\n\n\n\n<p>Die Meet Your Purpose Genossenschaft lehnt jede Haftung f\u00fcr Sch\u00e4den oder Folgesch\u00e4den ab, die sich aus dem Zugriff auf ihre Internetseite oder auf einzelne Teile davon (wie z.B. heruntergeladene Dokumente), deren Benutzung (oder aus der Unm\u00f6glichkeit des Zugriffs oder der Benutzung) oder Links auf andere Internetseiten ergeben.<\/p>\n\n\n\n<p><strong>Gew\u00e4hrleistungsausschluss<\/strong><\/p>\n\n\n\n<p>Die Meet Your Purpose Genossenschaft \u00fcbernimmt keine Gew\u00e4hr f\u00fcr die Aktualit\u00e4t, die Richtigkeit, die Vollst\u00e4ndigkeit und die Qualit\u00e4t der bereit gestellten Informationen. Haftungsanspr\u00fcche gegen die Meet Your Purpose Genossenschaft, die sich auf Sch\u00e4den materieller oder ideeller Art beziehen, welche durch die Nutzung der bereitgestellten Informationen verursacht wurden, sind grunds\u00e4tzlich ausgeschlossen. Die Meet Your Purpose Genossenschaft beh\u00e4lt sich ausdr\u00fccklich vor, Teile der Seiten oder das gesamte Angebot ihrer Internetseite ohne gesonderte Ank\u00fcndigung zu ver\u00e4ndern, zu erg\u00e4nzen oder zu l\u00f6schen.<\/p>\n\n\n\n<p><strong>Links<\/strong><\/p>\n\n\n\n<p>Diese Internetseite enth\u00e4lt zum Teil Links, d.h. Verkn\u00fcpfungen zu Internetseiten von Dritten. Die Meet Your Purpose Genossenschaft \u00fcbernimmt f\u00fcr deren Inhalt, f\u00fcr die darauf angebotenen Produkte, Dienstleistungen oder sonstigen Angebote sowie f\u00fcr die Einhaltung der datenschutzrechtlichen Bestimmungen keine Verantwortung. Die Aktivierung eines Links erfolgt auf eigene Verantwortung.<\/p>","protected":false},"excerpt":{"rendered":"<p>Meet Your Purpose GenossenschaftBirkenweg 6FL-9490 Vaduz Tel. +423 222 0105 E-Mail: flow@purpose.li Handelsregister-Nr: FL-0002.688.535-2 Zeichnungsberechtigte Personen:Frank Thiele, Hartmut H\u00fcbner, Julian Philipp, Michael Reinhardt - Vorstandsmitglieder mit alleinigem Zeichnungsrecht Gefahr und Verantwortung Die Meet Your Purpose Genossenschaft unternimmt alle Anstrengungen, um einen sicheren Betrieb ihrer Website zu gew\u00e4hrleisten. Dennoch k\u00f6nnen M\u00e4ngel, wie z.B. Verlust oder Verf\u00e4lschung...<\/p>","protected":false},"author":2,"featured_media":0,"parent":0,"menu_order":0,"comment_status":"closed","ping_status":"closed","template":"","meta":{"_kad_post_transparent":"","_kad_post_title":"","_kad_post_layout":"","_kad_post_sidebar_id":"","_kad_post_content_style":"","_kad_post_vertical_padding":"","_kad_post_feature":"","_kad_post_feature_position":"","_kad_post_header":false,"_kad_post_footer":false,"footnotes":""},"class_list":["post-1887","page","type-page","status-publish","hentry"],"_links":{"self":[{"href":"https:\/\/my.purpose.li\/de\/wp-json\/wp\/v2\/pages\/1887","targetHints":{"allow":["GET"]}}],"collection":[{"href":"https:\/\/my.purpose.li\/de\/wp-json\/wp\/v2\/pages"}],"about":[{"href":"https:\/\/my.purpose.li\/de\/wp-json\/wp\/v2\/types\/page"}],"author":[{"embeddable":true,"href":"https:\/\/my.purpose.li\/de\/wp-json\/wp\/v2\/users\/2"}],"replies":[{"embeddable":true,"href":"https:\/\/my.purpose.li\/de\/wp-json\/wp\/v2\/comments?post=1887"}],"version-history":[{"count":1,"href":"https:\/\/my.purpose.li\/de\/wp-json\/wp\/v2\/pages\/1887\/revisions"}],"predecessor-version":[{"id":1888,"href":"https:\/\/my.purpose.li\/de\/wp-json\/wp\/v2\/pages\/1887\/revisions\/1888"}],"wp:attachment":[{"href":"https:\/\/my.purpose.li\/de\/wp-json\/wp\/v2\/media?parent=1887"}],"curies":[{"name":"wp","href":"https:\/\/api.w.org\/{rel}","templated":true}]}}